{"id":185,"date":"2025-01-19T03:10:29","date_gmt":"2025-01-19T02:10:29","guid":{"rendered":"https:\/\/concrete-dynamics.com\/?page_id=185"},"modified":"2025-10-05T18:01:29","modified_gmt":"2025-10-05T16:01:29","slug":"impressum","status":"publish","type":"page","link":"https:\/\/concrete-dynamics.com\/en\/impressum\/","title":{"rendered":"Imprint"},"content":{"rendered":"<h1 class=\"wp-block-heading eplus-wrapper\"><strong>Imprint<\/strong><\/h1>\n\n\n\n<p class=\"eplus-wrapper\"><strong>Angaben gem\u00e4\u00df \u00a7 5 TMG:<\/strong><\/p>\n\n\n\n<p class=\"eplus-wrapper\">Concrete Dynamics UG (haftungsbrschr\u00e4nkt)<\/p>\n\n\n\n<p class=\"eplus-wrapper\">Westendstra\u00dfe 15<\/p>\n\n\n\n<p class=\"eplus-wrapper\">87439 Kempten<\/p>\n\n\n\n<p class=\"eplus-wrapper\">Vertreten durch die Gesch\u00e4ftsf\u00fchrer: David Fischer und Phillipp Geirhos<\/p>\n\n\n\n<p class=\"eplus-wrapper\"><strong>Kontakt:<\/strong><\/p>\n\n\n\n<p class=\"eplus-wrapper\">Telefon: +4915734796582<\/p>\n\n\n\n<p class=\"eplus-wrapper\">E-Mail: <a href=\"mailto:info@concrete-dynamics.com\">info@concrete-dynamics.com<\/a><\/p>\n\n\n\n<p class=\"eplus-wrapper\"><strong>Registereintrag:<\/strong><\/p>\n\n\n\n<p class=\"eplus-wrapper\">Eintragung im Handelsregister.<\/p>\n\n\n\n<p class=\"eplus-wrapper\">Registergericht: Amtsgerichts Kempten<br>(Allg\u00e4u)<\/p>\n\n\n\n<p class=\"eplus-wrapper\">Registernummer: HRB 18115<\/p>\n\n\n\n<p class=\"eplus-wrapper\"><strong>Umsatzsteuer-ID:<\/strong><\/p>\n\n\n\n<p class=\"eplus-wrapper\">Umsatzsteuer-Identifikationsnummer gem\u00e4\u00df \u00a7 27 a Umsatzsteuergesetz: 127\/123 \/70198<\/p>\n\n\n\n<p class=\"eplus-wrapper\"><strong>Verantwortlich f\u00fcr den Inhalt nach \u00a7 55 Abs. 2 RStV:<\/strong><\/p>\n\n\n\n<p class=\"eplus-wrapper\">David Fischer<\/p>\n\n\n\n<p class=\"eplus-wrapper\">Westendstra\u00dfe 15<\/p>\n\n\n\n<p class=\"eplus-wrapper\">87439 Kempten<\/p>\n\n\n\n<p class=\"eplus-wrapper\"><strong>Datenschutzbeauftragter:<\/strong><\/p>\n\n\n\n<p class=\"eplus-wrapper\">David Fischer<\/p>\n\n\n\n<p class=\"eplus-wrapper\">Westendstra\u00dfe 15<\/p>\n\n\n\n<p class=\"eplus-wrapper\">87439 Kempten<\/p>\n\n\n\n<p class=\"eplus-wrapper\">E-Mail: info@concrete-dynamics.com<\/p>\n\n\n\n<p class=\"eplus-wrapper\"><strong>Haftungsausschluss:<\/strong><\/p>\n\n\n\n<p class=\"eplus-wrapper\">Die Inhalte unserer Seiten wurden mit gr\u00f6\u00dfter Sorgfalt erstellt. F\u00fcr die Richtigkeit, Vollst\u00e4ndigkeit und Aktualit\u00e4t der Inhalte k\u00f6nnen wir jedoch keine Gew\u00e4hr \u00fcbernehmen.<br><br>Sollte Ihnen fehlender Inhalt auffallen, bitten wir Sie Kontakt mit uns aufzunehmen<\/p>\n\n\n\n<div class=\"wp-block-buttons eplus-wrapper is-layout-flex wp-block-buttons-is-layout-flex\"><div class=\"wp-block-button eplus-wrapper eplus-styles-uid-8096c4\"><a class=\"wp-block-button__link wp-element-button\" href=\"https:\/\/concrete-dynamics.com\/en\/kontakt\/\">Contact<\/a><\/div><\/div>","protected":false},"excerpt":{"rendered":"<p>Impressum Angaben gem\u00e4\u00df \u00a7 5 TMG: Concrete Dynamics UG (haftungsbrschr\u00e4nkt) Westendstra\u00dfe 15 87439 Kempten Vertreten durch die Gesch\u00e4ftsf\u00fchrer: David Fischer und Phillipp Geirhos Kontakt: Telefon: +4915734796582 E-Mail: info@concrete-dynamics.com Registereintrag: Eintragung im Handelsregister. Registergericht: Amtsgerichts Kempten(Allg\u00e4u) Registernummer: HRB 18115 Umsatzsteuer-ID: Umsatzsteuer-Identifikationsnummer gem\u00e4\u00df \u00a7 27 a Umsatzsteuergesetz: 127\/123 \/70198 Verantwortlich f\u00fcr den Inhalt nach \u00a7 55 Abs. [&hellip;]<\/p>","protected":false},"author":2,"featured_media":0,"parent":0,"menu_order":0,"comment_status":"closed","ping_status":"closed","template":"","meta":{"_uag_custom_page_level_css":"","editor_plus_copied_stylings":"{}","footnotes":""},"class_list":["post-185","page","type-page","status-publish","hentry"],"yoast_head":"<!-- This site is optimized with the Yoast SEO plugin v27.4 - https:\/\/yoast.com\/product\/yoast-seo-wordpress\/ -->\n<title>Impressum - Concrete Dynamics<\/title>\n<meta name=\"robots\" content=\"index, follow, max-snippet:-1, max-image-preview:large, max-video-preview:-1\" \/>\n<link rel=\"canonical\" href=\"https:\/\/concrete-dynamics.com\/en\/impressum\/\" \/>\n<meta property=\"og:locale\" content=\"en_US\" \/>\n<meta property=\"og:type\" content=\"article\" \/>\n<meta property=\"og:title\" content=\"Impressum - Concrete Dynamics\" \/>\n<meta property=\"og:description\" content=\"Impressum Angaben gem\u00e4\u00df \u00a7 5 TMG: Concrete Dynamics UG (haftungsbrschr\u00e4nkt) Westendstra\u00dfe 15 87439 Kempten Vertreten durch die Gesch\u00e4ftsf\u00fchrer: David Fischer und Phillipp Geirhos Kontakt: Telefon: +4915734796582 E-Mail: info@concrete-dynamics.com Registereintrag: Eintragung im Handelsregister. Registergericht: Amtsgerichts Kempten(Allg\u00e4u) Registernummer: HRB 18115 Umsatzsteuer-ID: Umsatzsteuer-Identifikationsnummer gem\u00e4\u00df \u00a7 27 a Umsatzsteuergesetz: 127\/123 \/70198 Verantwortlich f\u00fcr den Inhalt nach \u00a7 55 Abs. [&hellip;]\" \/>\n<meta property=\"og:url\" content=\"https:\/\/concrete-dynamics.com\/en\/impressum\/\" \/>\n<meta property=\"og:site_name\" content=\"Concrete Dynamics\" \/>\n<meta property=\"article:modified_time\" content=\"2025-10-05T16:01:29+00:00\" \/>\n<meta name=\"twitter:card\" content=\"summary_large_image\" \/>\n<meta name=\"twitter:label1\" content=\"Est. reading time\" \/>\n\t<meta name=\"twitter:data1\" content=\"1 minute\" \/>\n<script type=\"application\/ld+json\" class=\"yoast-schema-graph\">{\"@context\":\"https:\\\/\\\/schema.org\",\"@graph\":[{\"@type\":\"WebPage\",\"@id\":\"https:\\\/\\\/concrete-dynamics.com\\\/impressum\\\/\",\"url\":\"https:\\\/\\\/concrete-dynamics.com\\\/impressum\\\/\",\"name\":\"Impressum - Concrete Dynamics\",\"isPartOf\":{\"@id\":\"https:\\\/\\\/concrete-dynamics.com\\\/#website\"},\"datePublished\":\"2025-01-19T02:10:29+00:00\",\"dateModified\":\"2025-10-05T16:01:29+00:00\",\"breadcrumb\":{\"@id\":\"https:\\\/\\\/concrete-dynamics.com\\\/impressum\\\/#breadcrumb\"},\"inLanguage\":\"en-US\",\"potentialAction\":[{\"@type\":\"ReadAction\",\"target\":[\"https:\\\/\\\/concrete-dynamics.com\\\/impressum\\\/\"]}]},{\"@type\":\"BreadcrumbList\",\"@id\":\"https:\\\/\\\/concrete-dynamics.com\\\/impressum\\\/#breadcrumb\",\"itemListElement\":[{\"@type\":\"ListItem\",\"position\":1,\"name\":\"Startseite\",\"item\":\"https:\\\/\\\/concrete-dynamics.com\\\/\"},{\"@type\":\"ListItem\",\"position\":2,\"name\":\"Impressum\"}]},{\"@type\":\"WebSite\",\"@id\":\"https:\\\/\\\/concrete-dynamics.com\\\/#website\",\"url\":\"https:\\\/\\\/concrete-dynamics.com\\\/\",\"name\":\"Concrete Dynamics\",\"description\":\"Ihre Software-Vision, unsere digitale Handschrift.\",\"publisher\":{\"@id\":\"https:\\\/\\\/concrete-dynamics.com\\\/#organization\"},\"alternateName\":\"Concrete Dynamics UG (haftungsbeschr\u00e4nkt)\",\"potentialAction\":[{\"@type\":\"SearchAction\",\"target\":{\"@type\":\"EntryPoint\",\"urlTemplate\":\"https:\\\/\\\/concrete-dynamics.com\\\/?s={search_term_string}\"},\"query-input\":{\"@type\":\"PropertyValueSpecification\",\"valueRequired\":true,\"valueName\":\"search_term_string\"}}],\"inLanguage\":\"en-US\"},{\"@type\":\"Organization\",\"@id\":\"https:\\\/\\\/concrete-dynamics.com\\\/#organization\",\"name\":\"Concrete Dynamics UG (haftungsbeschr\u00e4nkt)\",\"alternateName\":\"Concrete Dynamics\",\"url\":\"https:\\\/\\\/concrete-dynamics.com\\\/\",\"logo\":{\"@type\":\"ImageObject\",\"inLanguage\":\"en-US\",\"@id\":\"https:\\\/\\\/concrete-dynamics.com\\\/#\\\/schema\\\/logo\\\/image\\\/\",\"url\":\"https:\\\/\\\/concrete-dynamics.com\\\/wp-content\\\/uploads\\\/2025\\\/02\\\/logo_blue_vscode_2k-2-1-png.webp\",\"contentUrl\":\"https:\\\/\\\/concrete-dynamics.com\\\/wp-content\\\/uploads\\\/2025\\\/02\\\/logo_blue_vscode_2k-2-1-png.webp\",\"width\":1872,\"height\":1791,\"caption\":\"Concrete Dynamics UG (haftungsbeschr\u00e4nkt)\"},\"image\":{\"@id\":\"https:\\\/\\\/concrete-dynamics.com\\\/#\\\/schema\\\/logo\\\/image\\\/\"},\"sameAs\":[\"https:\\\/\\\/www.linkedin.com\\\/company\\\/concretedynamics\"]}]}<\/script>\n<!-- \/ Yoast SEO plugin. -->","yoast_head_json":{"title":"Impressum - Concrete Dynamics","robots":{"index":"index","follow":"follow","max-snippet":"max-snippet:-1","max-image-preview":"max-image-preview:large","max-video-preview":"max-video-preview:-1"},"canonical":"https:\/\/concrete-dynamics.com\/en\/impressum\/","og_locale":"en_US","og_type":"article","og_title":"Impressum - Concrete Dynamics","og_description":"Impressum Angaben gem\u00e4\u00df \u00a7 5 TMG: Concrete Dynamics UG (haftungsbrschr\u00e4nkt) Westendstra\u00dfe 15 87439 Kempten Vertreten durch die Gesch\u00e4ftsf\u00fchrer: David Fischer und Phillipp Geirhos Kontakt: Telefon: +4915734796582 E-Mail: info@concrete-dynamics.com Registereintrag: Eintragung im Handelsregister. Registergericht: Amtsgerichts Kempten(Allg\u00e4u) Registernummer: HRB 18115 Umsatzsteuer-ID: Umsatzsteuer-Identifikationsnummer gem\u00e4\u00df \u00a7 27 a Umsatzsteuergesetz: 127\/123 \/70198 Verantwortlich f\u00fcr den Inhalt nach \u00a7 55 Abs. [&hellip;]","og_url":"https:\/\/concrete-dynamics.com\/en\/impressum\/","og_site_name":"Concrete Dynamics","article_modified_time":"2025-10-05T16:01:29+00:00","twitter_card":"summary_large_image","twitter_misc":{"Est. reading time":"1 minute"},"schema":{"@context":"https:\/\/schema.org","@graph":[{"@type":"WebPage","@id":"https:\/\/concrete-dynamics.com\/impressum\/","url":"https:\/\/concrete-dynamics.com\/impressum\/","name":"Impressum - Concrete Dynamics","isPartOf":{"@id":"https:\/\/concrete-dynamics.com\/#website"},"datePublished":"2025-01-19T02:10:29+00:00","dateModified":"2025-10-05T16:01:29+00:00","breadcrumb":{"@id":"https:\/\/concrete-dynamics.com\/impressum\/#breadcrumb"},"inLanguage":"en-US","potentialAction":[{"@type":"ReadAction","target":["https:\/\/concrete-dynamics.com\/impressum\/"]}]},{"@type":"BreadcrumbList","@id":"https:\/\/concrete-dynamics.com\/impressum\/#breadcrumb","itemListElement":[{"@type":"ListItem","position":1,"name":"Startseite","item":"https:\/\/concrete-dynamics.com\/"},{"@type":"ListItem","position":2,"name":"Impressum"}]},{"@type":"WebSite","@id":"https:\/\/concrete-dynamics.com\/#website","url":"https:\/\/concrete-dynamics.com\/","name":"Concrete Dynamics","description":"Your software vision, our digital signature.","publisher":{"@id":"https:\/\/concrete-dynamics.com\/#organization"},"alternateName":"Concrete Dynamics UG (haftungsbeschr\u00e4nkt)","potentialAction":[{"@type":"SearchAction","target":{"@type":"EntryPoint","urlTemplate":"https:\/\/concrete-dynamics.com\/?s={search_term_string}"},"query-input":{"@type":"PropertyValueSpecification","valueRequired":true,"valueName":"search_term_string"}}],"inLanguage":"en-US"},{"@type":"Organization","@id":"https:\/\/concrete-dynamics.com\/#organization","name":"Concrete Dynamics UG (haftungsbeschr\u00e4nkt)","alternateName":"Concrete Dynamics","url":"https:\/\/concrete-dynamics.com\/","logo":{"@type":"ImageObject","inLanguage":"en-US","@id":"https:\/\/concrete-dynamics.com\/#\/schema\/logo\/image\/","url":"https:\/\/concrete-dynamics.com\/wp-content\/uploads\/2025\/02\/logo_blue_vscode_2k-2-1-png.webp","contentUrl":"https:\/\/concrete-dynamics.com\/wp-content\/uploads\/2025\/02\/logo_blue_vscode_2k-2-1-png.webp","width":1872,"height":1791,"caption":"Concrete Dynamics UG (haftungsbeschr\u00e4nkt)"},"image":{"@id":"https:\/\/concrete-dynamics.com\/#\/schema\/logo\/image\/"},"sameAs":["https:\/\/www.linkedin.com\/company\/concretedynamics"]}]}},"uagb_featured_image_src":{"full":false,"thumbnail":false,"medium":false,"medium_large":false,"large":false,"1536x1536":false,"2048x2048":false,"trp-custom-language-flag":false},"uagb_author_info":{"display_name":"David Fischer","author_link":"https:\/\/concrete-dynamics.com\/en\/author\/fischerd\/"},"uagb_comment_info":0,"uagb_excerpt":"Impressum Angaben gem\u00e4\u00df \u00a7 5 TMG: Concrete Dynamics UG (haftungsbrschr\u00e4nkt) Westendstra\u00dfe 15 87439 Kempten Vertreten durch die Gesch\u00e4ftsf\u00fchrer: David Fischer und Phillipp Geirhos Kontakt: Telefon: +4915734796582 E-Mail: info@concrete-dynamics.com Registereintrag: Eintragung im Handelsregister. Registergericht: Amtsgerichts Kempten(Allg\u00e4u) Registernummer: HRB 18115 Umsatzsteuer-ID: Umsatzsteuer-Identifikationsnummer gem\u00e4\u00df \u00a7 27 a Umsatzsteuergesetz: 127\/123 \/70198 Verantwortlich f\u00fcr den Inhalt nach \u00a7 55 Abs.&hellip;","_links":{"self":[{"href":"https:\/\/concrete-dynamics.com\/en\/wp-json\/wp\/v2\/pages\/185","targetHints":{"allow":["GET"]}}],"collection":[{"href":"https:\/\/concrete-dynamics.com\/en\/wp-json\/wp\/v2\/pages"}],"about":[{"href":"https:\/\/concrete-dynamics.com\/en\/wp-json\/wp\/v2\/types\/page"}],"author":[{"embeddable":true,"href":"https:\/\/concrete-dynamics.com\/en\/wp-json\/wp\/v2\/users\/2"}],"replies":[{"embeddable":true,"href":"https:\/\/concrete-dynamics.com\/en\/wp-json\/wp\/v2\/comments?post=185"}],"version-history":[{"count":0,"href":"https:\/\/concrete-dynamics.com\/en\/wp-json\/wp\/v2\/pages\/185\/revisions"}],"wp:attachment":[{"href":"https:\/\/concrete-dynamics.com\/en\/wp-json\/wp\/v2\/media?parent=185"}],"curies":[{"name":"wp","href":"https:\/\/api.w.org\/{rel}","templated":true}]}}