{"id":3,"date":"2024-12-20T18:28:34","date_gmt":"2024-12-20T17:28:34","guid":{"rendered":"http:\/\/192.168.2.175:9011\/?page_id=3"},"modified":"2025-02-23T01:02:28","modified_gmt":"2025-02-23T00:02:28","slug":"datenschutzerklaerung","status":"publish","type":"page","link":"https:\/\/concrete-dynamics.com\/en\/datenschutzerklaerung\/","title":{"rendered":"Privacy policy"},"content":{"rendered":"<h1 class=\"wp-block-heading eplus-wrapper\">Privacy policy<\/h1>\n\n\n<p class=\"eplus-wrapper eplus-styles-uid-b14b53\">According to the General Data Protection Regulation and GDPR<\/p>\n\n\n<h2 class=\"wp-block-heading eplus-wrapper\">How we collect data<\/h2>\n\n\n\n<p class=\"eplus-wrapper\">When visitors post comments on the website, we collect the data displayed in the comment form, the visitor's IP address and the user agent string (which identifies the browser) to help detect spam.<\/p>\n\n\n\n<p class=\"eplus-wrapper\">An anonymized string of characters (also known as a hash) can be created from your email address and passed to the Gravatar service to check whether you are using it. You can find the Gravatar service's privacy policy here: https:\/\/automattic.com\/privacy\/. After your comment has been approved, your profile picture will be publicly visible in the context of your comment.<\/p>\n\n\n\n<h2 class=\"wp-block-heading eplus-wrapper\">Cookies<\/h2>\n\n\n\n<p class=\"eplus-wrapper\">If you write a comment on our website, this may be a consent to store your name, e-mail address and website in cookies. This is a convenience feature so that you don't have to re-enter all this data when you write another comment. These cookies are stored for one year.<\/p>\n\n\n\n<p class=\"eplus-wrapper\">If you have an account and log in to this website, we will set a temporary cookie to determine whether your browser accepts cookies. This cookie does not contain any personal data and will be discarded when you close your browser.<\/p>\n\n\n\n<p class=\"eplus-wrapper\">When you sign up, we will set up some cookies to store your login information and display options. Login cookies expire after two days and cookies for display options after one year. If you select \u201cStay logged in\u201d when you log in, your login will be maintained for two weeks. When you log out of your account, the login cookies are deleted.<\/p>\n\n\n\n<h2 class=\"wp-block-heading eplus-wrapper\">Embedded content from other websites<\/h2>\n\n\n\n<p class=\"eplus-wrapper\">Posts on this website may contain embedded content (e.g. videos, images, articles, etc.). Embedded content from other websites behaves exactly as if the visitor had visited the other website.<\/p>\n\n\n\n<p class=\"eplus-wrapper\">These websites may collect data about you, use cookies, embed additional third-party tracking services and record your interaction with this embedded content, including your interaction with the embedded content if you have an account and are logged in to this website.<\/p>\n\n\n\n<h2 class=\"wp-block-heading eplus-wrapper\">Who we share your data with<\/h2>\n\n\n\n<p class=\"eplus-wrapper\">Your data will not be shared.<\/p>\n\n\n\n<h2 class=\"wp-block-heading eplus-wrapper\">How long we store your data<\/h2>\n\n\n\n<p class=\"eplus-wrapper\">When you write a comment, it is saved indefinitely, including metadata. This way, we can automatically recognize and approve follow-up comments instead of holding them in a moderation queue.<\/p>\n\n\n\n<p class=\"eplus-wrapper\">For users who register on our website, we also store the personal information they provide in their user profiles. All users can view, change or delete their personal information at any time (the user name cannot be changed). Website administrators can also view and change this information.<\/p>\n\n\n\n<h2 class=\"wp-block-heading eplus-wrapper\">What rights you have to your data<\/h2>\n\n\n\n<p class=\"eplus-wrapper\">If you have an account on this website or have written comments, you can request an export of your personal data from us, including any data you have provided to us. In addition, you can request the deletion of all personal data that we have stored about you. This does not include data that we are required to retain for administrative, legal or security purposes.<\/p>\n\n\n\n<h2 class=\"wp-block-heading eplus-wrapper\">Where your data is sent<\/h2>\n\n\n\n<p class=\"eplus-wrapper\">Visitor comments could be analyzed by an automated spam detection service.<\/p>\n\n\n\n<p class=\"eplus-wrapper\">When you submit the contact form, your form entries are sent to our internal email address. We do not process or store any IP addresses or other data.<\/p>\n\n\n\n<h2 class=\"wp-block-heading eplus-wrapper\">Severability clause<\/h2>\n\n\n\n<p class=\"eplus-wrapper\">All content has been compiled to the best of our knowledge and belief. If some of the points listed here are not valid, this does not affect the validity and correctness of the entire data protection agreement.<\/p>\n\n\n\n<p class=\"eplus-wrapper\">If you still notice something, please contact us. if you still notice something, please contact us.<\/p>\n\n\n\n<div class=\"wp-block-buttons eplus-wrapper is-layout-flex wp-block-buttons-is-layout-flex\"><div class=\"wp-block-button eplus-wrapper eplus-styles-uid-7ab863\"><a class=\"wp-block-button__link wp-element-button\" href=\"https:\/\/concrete-dynamics.com\/en\/kontakt\/\">Contact<\/a><\/div><\/div>\n<script type=\"text\/javascript\"> toolTips('.classtoolTips0','Ein <strong>Enterprise Resource Planning<\/strong> System ist eine Software zur zentralen Steuerung und Automatisierung von Gesch\u00e4ftsprozessen wie Buchhaltung, Lagerverwaltung, Produktion und Personalwesen. Es sorgt f\u00fcr effizientere Abl\u00e4ufe, verbesserte Datenverf\u00fcgbarkeit und eine optimierte Ressourcenplanung.'); <\/script>","protected":false},"excerpt":{"rendered":"<p>Datenschutzerkl\u00e4rung Nach Datenschutzgrundverordnung und GDPR Wie wir Daten erheben Wenn Besucher Kommentare auf der Website schreiben, sammeln wir die Daten, die im Kommentar-Formular angezeigt werden, au\u00dferdem die IP-Adresse des Besuchers und den User-Agent-String (damit wird der Browser identifiziert), um die Erkennung von Spam zu unterst\u00fctzen. Aus deiner E-Mail-Adresse kann eine anonymisierte Zeichenfolge erstellt (auch Hash [&hellip;]<\/p>","protected":false},"author":1,"featured_media":0,"parent":0,"menu_order":0,"comment_status":"closed","ping_status":"open","template":"","meta":{"_uag_custom_page_level_css":"","editor_plus_copied_stylings":"{}","footnotes":""},"class_list":["post-3","page","type-page","status-publish","hentry"],"yoast_head":"<!-- This site is optimized with the Yoast SEO plugin v27.4 - https:\/\/yoast.com\/product\/yoast-seo-wordpress\/ -->\n<title>Datenschutzerkl\u00e4rung - Concrete Dynamics DSGVO - GDPR<\/title>\n<meta name=\"description\" content=\"Unsere Datenschutzerkl\u00e4rung. Bitte lesen Sie diese sorgf\u00e4ltig durch. Wir halten unsere Daten stets aktuell nach GDPR und GSDVO.\" \/>\n<meta name=\"robots\" content=\"index, follow, max-snippet:-1, max-image-preview:large, max-video-preview:-1\" \/>\n<link rel=\"canonical\" href=\"https:\/\/concrete-dynamics.com\/en\/datenschutzerklaerung\/\" \/>\n<meta property=\"og:locale\" content=\"en_US\" \/>\n<meta property=\"og:type\" content=\"article\" \/>\n<meta property=\"og:title\" content=\"Datenschutzerkl\u00e4rung - Concrete Dynamics DSGVO - GDPR\" \/>\n<meta property=\"og:description\" content=\"Unsere Datenschutzerkl\u00e4rung. Bitte lesen Sie diese sorgf\u00e4ltig durch. Wir halten unsere Daten stets aktuell nach GDPR und GSDVO.\" \/>\n<meta property=\"og:url\" content=\"https:\/\/concrete-dynamics.com\/en\/datenschutzerklaerung\/\" \/>\n<meta property=\"og:site_name\" content=\"Concrete Dynamics\" \/>\n<meta property=\"article:modified_time\" content=\"2025-02-23T00:02:28+00:00\" \/>\n<meta name=\"twitter:card\" content=\"summary_large_image\" \/>\n<meta name=\"twitter:label1\" content=\"Est. reading time\" \/>\n\t<meta name=\"twitter:data1\" content=\"4 minutes\" \/>\n<script type=\"application\/ld+json\" class=\"yoast-schema-graph\">{\"@context\":\"https:\\\/\\\/schema.org\",\"@graph\":[{\"@type\":\"WebPage\",\"@id\":\"https:\\\/\\\/concrete-dynamics.com\\\/datenschutzerklaerung\\\/\",\"url\":\"https:\\\/\\\/concrete-dynamics.com\\\/datenschutzerklaerung\\\/\",\"name\":\"Datenschutzerkl\u00e4rung - Concrete Dynamics DSGVO - GDPR\",\"isPartOf\":{\"@id\":\"https:\\\/\\\/concrete-dynamics.com\\\/#website\"},\"datePublished\":\"2024-12-20T17:28:34+00:00\",\"dateModified\":\"2025-02-23T00:02:28+00:00\",\"description\":\"Unsere Datenschutzerkl\u00e4rung. Bitte lesen Sie diese sorgf\u00e4ltig durch. Wir halten unsere Daten stets aktuell nach GDPR und GSDVO.\",\"breadcrumb\":{\"@id\":\"https:\\\/\\\/concrete-dynamics.com\\\/datenschutzerklaerung\\\/#breadcrumb\"},\"inLanguage\":\"en-US\",\"potentialAction\":[{\"@type\":\"ReadAction\",\"target\":[\"https:\\\/\\\/concrete-dynamics.com\\\/datenschutzerklaerung\\\/\"]}]},{\"@type\":\"BreadcrumbList\",\"@id\":\"https:\\\/\\\/concrete-dynamics.com\\\/datenschutzerklaerung\\\/#breadcrumb\",\"itemListElement\":[{\"@type\":\"ListItem\",\"position\":1,\"name\":\"Startseite\",\"item\":\"https:\\\/\\\/concrete-dynamics.com\\\/\"},{\"@type\":\"ListItem\",\"position\":2,\"name\":\"Datenschutzerkl\u00e4rung\"}]},{\"@type\":\"WebSite\",\"@id\":\"https:\\\/\\\/concrete-dynamics.com\\\/#website\",\"url\":\"https:\\\/\\\/concrete-dynamics.com\\\/\",\"name\":\"Concrete Dynamics\",\"description\":\"Ihre Software-Vision, unsere digitale Handschrift.\",\"publisher\":{\"@id\":\"https:\\\/\\\/concrete-dynamics.com\\\/#organization\"},\"alternateName\":\"Concrete Dynamics UG (haftungsbeschr\u00e4nkt)\",\"potentialAction\":[{\"@type\":\"SearchAction\",\"target\":{\"@type\":\"EntryPoint\",\"urlTemplate\":\"https:\\\/\\\/concrete-dynamics.com\\\/?s={search_term_string}\"},\"query-input\":{\"@type\":\"PropertyValueSpecification\",\"valueRequired\":true,\"valueName\":\"search_term_string\"}}],\"inLanguage\":\"en-US\"},{\"@type\":\"Organization\",\"@id\":\"https:\\\/\\\/concrete-dynamics.com\\\/#organization\",\"name\":\"Concrete Dynamics UG (haftungsbeschr\u00e4nkt)\",\"alternateName\":\"Concrete Dynamics\",\"url\":\"https:\\\/\\\/concrete-dynamics.com\\\/\",\"logo\":{\"@type\":\"ImageObject\",\"inLanguage\":\"en-US\",\"@id\":\"https:\\\/\\\/concrete-dynamics.com\\\/#\\\/schema\\\/logo\\\/image\\\/\",\"url\":\"https:\\\/\\\/concrete-dynamics.com\\\/wp-content\\\/uploads\\\/2025\\\/02\\\/logo_blue_vscode_2k-2-1-png.webp\",\"contentUrl\":\"https:\\\/\\\/concrete-dynamics.com\\\/wp-content\\\/uploads\\\/2025\\\/02\\\/logo_blue_vscode_2k-2-1-png.webp\",\"width\":1872,\"height\":1791,\"caption\":\"Concrete Dynamics UG (haftungsbeschr\u00e4nkt)\"},\"image\":{\"@id\":\"https:\\\/\\\/concrete-dynamics.com\\\/#\\\/schema\\\/logo\\\/image\\\/\"},\"sameAs\":[\"https:\\\/\\\/www.linkedin.com\\\/company\\\/concretedynamics\"]}]}<\/script>\n<!-- \/ Yoast SEO plugin. -->","yoast_head_json":{"title":"Datenschutzerkl\u00e4rung - Concrete Dynamics DSGVO - GDPR","description":"Unsere Datenschutzerkl\u00e4rung. Bitte lesen Sie diese sorgf\u00e4ltig durch. Wir halten unsere Daten stets aktuell nach GDPR und GSDVO.","robots":{"index":"index","follow":"follow","max-snippet":"max-snippet:-1","max-image-preview":"max-image-preview:large","max-video-preview":"max-video-preview:-1"},"canonical":"https:\/\/concrete-dynamics.com\/en\/datenschutzerklaerung\/","og_locale":"en_US","og_type":"article","og_title":"Datenschutzerkl\u00e4rung - Concrete Dynamics DSGVO - GDPR","og_description":"Unsere Datenschutzerkl\u00e4rung. Bitte lesen Sie diese sorgf\u00e4ltig durch. Wir halten unsere Daten stets aktuell nach GDPR und GSDVO.","og_url":"https:\/\/concrete-dynamics.com\/en\/datenschutzerklaerung\/","og_site_name":"Concrete Dynamics","article_modified_time":"2025-02-23T00:02:28+00:00","twitter_card":"summary_large_image","twitter_misc":{"Est. reading time":"4 minutes"},"schema":{"@context":"https:\/\/schema.org","@graph":[{"@type":"WebPage","@id":"https:\/\/concrete-dynamics.com\/datenschutzerklaerung\/","url":"https:\/\/concrete-dynamics.com\/datenschutzerklaerung\/","name":"Datenschutzerkl\u00e4rung - Concrete Dynamics DSGVO - GDPR","isPartOf":{"@id":"https:\/\/concrete-dynamics.com\/#website"},"datePublished":"2024-12-20T17:28:34+00:00","dateModified":"2025-02-23T00:02:28+00:00","description":"Unsere Datenschutzerkl\u00e4rung. Bitte lesen Sie diese sorgf\u00e4ltig durch. Wir halten unsere Daten stets aktuell nach GDPR und GSDVO.","breadcrumb":{"@id":"https:\/\/concrete-dynamics.com\/datenschutzerklaerung\/#breadcrumb"},"inLanguage":"en-US","potentialAction":[{"@type":"ReadAction","target":["https:\/\/concrete-dynamics.com\/datenschutzerklaerung\/"]}]},{"@type":"BreadcrumbList","@id":"https:\/\/concrete-dynamics.com\/datenschutzerklaerung\/#breadcrumb","itemListElement":[{"@type":"ListItem","position":1,"name":"Startseite","item":"https:\/\/concrete-dynamics.com\/"},{"@type":"ListItem","position":2,"name":"Datenschutzerkl\u00e4rung"}]},{"@type":"WebSite","@id":"https:\/\/concrete-dynamics.com\/#website","url":"https:\/\/concrete-dynamics.com\/","name":"Concrete Dynamics","description":"Your software vision, our digital signature.","publisher":{"@id":"https:\/\/concrete-dynamics.com\/#organization"},"alternateName":"Concrete Dynamics UG (haftungsbeschr\u00e4nkt)","potentialAction":[{"@type":"SearchAction","target":{"@type":"EntryPoint","urlTemplate":"https:\/\/concrete-dynamics.com\/?s={search_term_string}"},"query-input":{"@type":"PropertyValueSpecification","valueRequired":true,"valueName":"search_term_string"}}],"inLanguage":"en-US"},{"@type":"Organization","@id":"https:\/\/concrete-dynamics.com\/#organization","name":"Concrete Dynamics UG (haftungsbeschr\u00e4nkt)","alternateName":"Concrete Dynamics","url":"https:\/\/concrete-dynamics.com\/","logo":{"@type":"ImageObject","inLanguage":"en-US","@id":"https:\/\/concrete-dynamics.com\/#\/schema\/logo\/image\/","url":"https:\/\/concrete-dynamics.com\/wp-content\/uploads\/2025\/02\/logo_blue_vscode_2k-2-1-png.webp","contentUrl":"https:\/\/concrete-dynamics.com\/wp-content\/uploads\/2025\/02\/logo_blue_vscode_2k-2-1-png.webp","width":1872,"height":1791,"caption":"Concrete Dynamics UG (haftungsbeschr\u00e4nkt)"},"image":{"@id":"https:\/\/concrete-dynamics.com\/#\/schema\/logo\/image\/"},"sameAs":["https:\/\/www.linkedin.com\/company\/concretedynamics"]}]}},"uagb_featured_image_src":{"full":false,"thumbnail":false,"medium":false,"medium_large":false,"large":false,"1536x1536":false,"2048x2048":false,"trp-custom-language-flag":false},"uagb_author_info":{"display_name":"Concrete Dynamics","author_link":"https:\/\/concrete-dynamics.com\/en\/author\/konkret_root\/"},"uagb_comment_info":0,"uagb_excerpt":"Datenschutzerkl\u00e4rung Nach Datenschutzgrundverordnung und GDPR Wie wir Daten erheben Wenn Besucher Kommentare auf der Website schreiben, sammeln wir die Daten, die im Kommentar-Formular angezeigt werden, au\u00dferdem die IP-Adresse des Besuchers und den User-Agent-String (damit wird der Browser identifiziert), um die Erkennung von Spam zu unterst\u00fctzen. Aus deiner E-Mail-Adresse kann eine anonymisierte Zeichenfolge erstellt (auch Hash&hellip;","_links":{"self":[{"href":"https:\/\/concrete-dynamics.com\/en\/wp-json\/wp\/v2\/pages\/3","targetHints":{"allow":["GET"]}}],"collection":[{"href":"https:\/\/concrete-dynamics.com\/en\/wp-json\/wp\/v2\/pages"}],"about":[{"href":"https:\/\/concrete-dynamics.com\/en\/wp-json\/wp\/v2\/types\/page"}],"author":[{"embeddable":true,"href":"https:\/\/concrete-dynamics.com\/en\/wp-json\/wp\/v2\/users\/1"}],"replies":[{"embeddable":true,"href":"https:\/\/concrete-dynamics.com\/en\/wp-json\/wp\/v2\/comments?post=3"}],"version-history":[{"count":0,"href":"https:\/\/concrete-dynamics.com\/en\/wp-json\/wp\/v2\/pages\/3\/revisions"}],"wp:attachment":[{"href":"https:\/\/concrete-dynamics.com\/en\/wp-json\/wp\/v2\/media?parent=3"}],"curies":[{"name":"wp","href":"https:\/\/api.w.org\/{rel}","templated":true}]}}