{"id":577,"date":"2025-02-24T17:39:22","date_gmt":"2025-02-24T16:39:22","guid":{"rendered":"https:\/\/concrete-dynamics.com\/?page_id=577"},"modified":"2025-06-28T16:42:45","modified_gmt":"2025-06-28T14:42:45","slug":"betoniertagebuch","status":"publish","type":"page","link":"https:\/\/concrete-dynamics.com\/en\/betoniertagebuch\/","title":{"rendered":"Concrete Diary"},"content":{"rendered":"<div class=\"wp-block-group alignfull eplus-wrapper is-layout-flow wp-block-group-is-layout-flow\" style=\"margin-top:var(--wp--preset--spacing--40);margin-bottom:var(--wp--preset--spacing--50);padding-top:var(--wp--preset--spacing--40);padding-bottom:var(--wp--preset--spacing--40)\"><div class=\"is-style-section-1 wp-block-columns eplus-wrapper is-layout-flex wp-container-core-columns-is-layout-4b96224b wp-block-columns-is-layout-flex is-style-section-1--1 eplus-styles-uid-e84296\" style=\"margin-top:0;margin-bottom:var(--wp--preset--spacing--30);padding-top:0;padding-right:var(--wp--preset--spacing--50);padding-bottom:0;padding-left:var(--wp--preset--spacing--50)\">\n<div class=\"is-style-default wp-block-column is-vertically-aligned-top eplus-wrapper has-global-padding is-layout-constrained wp-container-core-column-is-layout-95730b41 wp-block-column-is-layout-constrained\" style=\"padding-top:0;padding-bottom:0\"><div class=\"card-stack-container wp-block-group eplus-wrapper has-global-padding is-layout-constrained wp-container-core-group-is-layout-f1c01539 wp-block-group-is-layout-constrained eplus-styles-uid-76450c\" style=\"margin-top:0;margin-bottom:0;padding-top:0;padding-right:0;padding-bottom:0;padding-left:0\"><figure data-wp-context='{\"imageId\":\"69e36aef6292c\"}' data-wp-interactive=\"core\/image\" data-wp-key=\"69e36aef6292c\" class=\"hover-card hover-card-1 is-style-default wp-block-image size-full eplus-wrapper eplus-styles-uid-8a93e5 wp-lightbox-container\" style=\"margin-top:0;margin-right:0;margin-bottom:0;margin-left:0\"><img loading=\"lazy\" decoding=\"async\" width=\"2020\" height=\"1314\" data-wp-class--hide=\"state.isContentHidden\" data-wp-class--show=\"state.isContentVisible\" data-wp-init=\"callbacks.setButtonStyles\" data-wp-on--click=\"actions.showLightbox\" data-wp-on--load=\"callbacks.setButtonStyles\" data-wp-on-window--resize=\"callbacks.setButtonStyles\" src=\"https:\/\/concrete-dynamics.com\/wp-content\/uploads\/2025\/02\/Screenshot-from-2025-02-13-13-43-12.png\" alt=\"Details des Bauprojekts im Betoniertagebuch\" class=\"wp-image-257\" style=\"aspect-ratio:16\/9;object-fit:cover\" srcset=\"https:\/\/concrete-dynamics.com\/wp-content\/uploads\/2025\/02\/Screenshot-from-2025-02-13-13-43-12.png 2020w, https:\/\/concrete-dynamics.com\/wp-content\/uploads\/2025\/02\/Screenshot-from-2025-02-13-13-43-12-300x195.png 300w, https:\/\/concrete-dynamics.com\/wp-content\/uploads\/2025\/02\/Screenshot-from-2025-02-13-13-43-12-1024x666.png 1024w, https:\/\/concrete-dynamics.com\/wp-content\/uploads\/2025\/02\/Screenshot-from-2025-02-13-13-43-12-768x500.png 768w, https:\/\/concrete-dynamics.com\/wp-content\/uploads\/2025\/02\/Screenshot-from-2025-02-13-13-43-12-1536x999.png 1536w\" sizes=\"auto, (max-width: 2020px) 100vw, 2020px\" \/><button class=\"lightbox-trigger\" type=\"button\" aria-haspopup=\"dialog\" aria-label=\"Enlarge\" data-wp-init=\"callbacks.initTriggerButton\" data-wp-on--click=\"actions.showLightbox\" data-wp-style--right=\"state.imageButtonRight\" data-wp-style--top=\"state.imageButtonTop\">\n\t\t\t<svg xmlns=\"http:\/\/www.w3.org\/2000\/svg\" width=\"12\" height=\"12\" fill=\"none\" viewbox=\"0 0 12 12\">\n\t\t\t\t<path fill=\"#fff\" d=\"M2 0a2 2 0 0 0-2 2v2h1.5V2a.5.5 0 0 1 .5-.5h2V0H2Zm2 10.5H2a.5.5 0 0 1-.5-.5V8H0v2a2 2 0 0 0 2 2h2v-1.5ZM8 12v-1.5h2a.5.5 0 0 0 .5-.5V8H12v2a2 2 0 0 1-2 2H8Zm2-12a2 2 0 0 1 2 2v2h-1.5V2a.5.5 0 0 0-.5-.5H8V0h2Z\"><\/path>\n\t\t\t<\/svg>\n\t\t<\/button><\/figure>\n\n<figure data-wp-context='{\"imageId\":\"69e36aef659c0\"}' data-wp-interactive=\"core\/image\" data-wp-key=\"69e36aef659c0\" class=\"hover-card hover-card-2 wp-block-image size-full eplus-wrapper eplus-styles-uid-b513a0 wp-lightbox-container\" style=\"margin-top:0;margin-right:0;margin-bottom:0;margin-left:0\"><img loading=\"lazy\" decoding=\"async\" width=\"2498\" height=\"1263\" data-wp-class--hide=\"state.isContentHidden\" data-wp-class--show=\"state.isContentVisible\" data-wp-init=\"callbacks.setButtonStyles\" data-wp-on--click=\"actions.showLightbox\" data-wp-on--load=\"callbacks.setButtonStyles\" data-wp-on-window--resize=\"callbacks.setButtonStyles\" src=\"https:\/\/concrete-dynamics.com\/wp-content\/uploads\/2025\/02\/Screenshot-from-2025-02-17-18-26-24.png\" alt=\"\" class=\"wp-image-380\" srcset=\"https:\/\/concrete-dynamics.com\/wp-content\/uploads\/2025\/02\/Screenshot-from-2025-02-17-18-26-24.png 2498w, https:\/\/concrete-dynamics.com\/wp-content\/uploads\/2025\/02\/Screenshot-from-2025-02-17-18-26-24-300x152.png 300w, https:\/\/concrete-dynamics.com\/wp-content\/uploads\/2025\/02\/Screenshot-from-2025-02-17-18-26-24-1024x518.png 1024w, https:\/\/concrete-dynamics.com\/wp-content\/uploads\/2025\/02\/Screenshot-from-2025-02-17-18-26-24-768x388.png 768w, https:\/\/concrete-dynamics.com\/wp-content\/uploads\/2025\/02\/Screenshot-from-2025-02-17-18-26-24-1536x777.png 1536w, https:\/\/concrete-dynamics.com\/wp-content\/uploads\/2025\/02\/Screenshot-from-2025-02-17-18-26-24-2048x1035.png 2048w\" sizes=\"auto, (max-width: 2498px) 100vw, 2498px\" \/><button class=\"lightbox-trigger\" type=\"button\" aria-haspopup=\"dialog\" aria-label=\"Enlarge\" data-wp-init=\"callbacks.initTriggerButton\" data-wp-on--click=\"actions.showLightbox\" data-wp-style--right=\"state.imageButtonRight\" data-wp-style--top=\"state.imageButtonTop\">\n\t\t\t<svg xmlns=\"http:\/\/www.w3.org\/2000\/svg\" width=\"12\" height=\"12\" fill=\"none\" viewbox=\"0 0 12 12\">\n\t\t\t\t<path fill=\"#fff\" d=\"M2 0a2 2 0 0 0-2 2v2h1.5V2a.5.5 0 0 1 .5-.5h2V0H2Zm2 10.5H2a.5.5 0 0 1-.5-.5V8H0v2a2 2 0 0 0 2 2h2v-1.5ZM8 12v-1.5h2a.5.5 0 0 0 .5-.5V8H12v2a2 2 0 0 1-2 2H8Zm2-12a2 2 0 0 1 2 2v2h-1.5V2a.5.5 0 0 0-.5-.5H8V0h2Z\"><\/path>\n\t\t\t<\/svg>\n\t\t<\/button><\/figure><\/div><\/div>\n\n\n\n<div class=\"wp-block-column eplus-wrapper is-layout-flow wp-block-column-is-layout-flow\" style=\"padding-top:var(--wp--preset--spacing--50);padding-bottom:var(--wp--preset--spacing--50);flex-basis:50%\">\n<div class=\"wp-block-group eplus-wrapper is-vertical is-content-justification-left is-layout-flex wp-container-core-group-is-layout-dd225191 wp-block-group-is-layout-flex\">\n<h1 class=\"wp-block-heading eplus-wrapper\">Concrete Diary<\/h1>\n\n\n\n<h2 class=\"is-style-text-subtitle wp-block-heading eplus-wrapper is-style-text-subtitle--2\">Less paper, less errors<\/h2>\n\n\n\n<p class=\"eplus-wrapper\">Instead of laborious Excel chaos, clearly manage construction sites<\/p>\n<\/div>\n<\/div>\n<\/div><\/div>\n\n\n\n<h3 class=\"wp-block-heading eplus-wrapper\">An application models your entire business process.<\/h3>\n\n\n<ul class=\"wp-block-list eplus-wrapper eplus-styles-uid-b06ad1\">\n<li class=\"eplus-wrapper\">Manage construction sites<\/li>\n\n\n\n<li class=\"eplus-wrapper\">Manage concrete samples<\/li>\n\n\n\n<li class=\"eplus-wrapper\">Create reports per requirement<\/li>\n\n\n\n<li class=\"eplus-wrapper\">And many more<\/li>\n<\/ul>\n\n\n<div class=\"is-style-section-1 wp-block-group alignfull eplus-wrapper has-global-padding is-layout-constrained wp-container-core-group-is-layout-8c1f5e1f wp-block-group-is-layout-constrained is-style-section-1--3\" style=\"min-height:0vh;margin-top:var(--wp--preset--spacing--60);margin-bottom:var(--wp--preset--spacing--60);padding-top:var(--wp--preset--spacing--40);padding-right:var(--wp--preset--spacing--40);padding-bottom:var(--wp--preset--spacing--40);padding-left:var(--wp--preset--spacing--40)\">\n<div class=\"is-style-default wp-block-group eplus-wrapper has-global-padding is-layout-constrained wp-container-core-group-is-layout-346627ba wp-block-group-is-layout-constrained\">\n<h2 class=\"wp-block-heading has-text-align-center eplus-wrapper\">Access to the Concrete Diary<\/h2>\n\n\n\n<p class=\"has-text-align-center eplus-wrapper\">Request a demonstration today and try out our concreting diary!<\/p>\n\n\n\n<div class=\"wp-block-buttons eplus-wrapper is-content-justification-center is-layout-flex wp-container-core-buttons-is-layout-a89b3969 wp-block-buttons-is-layout-flex\"><div class=\"wp-block-button eplus-wrapper eplus-styles-uid-d43654\"><a class=\"wp-block-button__link wp-element-button\" href=\"https:\/\/concrete-dynamics.com\/en\/kontakt\/\">Go to login<\/a><\/div><\/div>\n<\/div>\n<\/div>\n\n\n\n<p class=\"eplus-wrapper\">Request a trial access to our software today. Without obligation and at no cost.<\/p>\n\n\n\n<div class=\"wp-block-uagb-forms uagb-forms__outer-wrap uagb-block-5ada7b7b uagb-forms__medium-btn\"><form class=\"uagb-forms-main-form\" method=\"post\" autocomplete=\"on\" name=\"uagb-form-5ada7b7b\" action=\"\">\n<div class=\"wp-block-uagb-forms-name uagb-forms-name-wrap uagb-forms-field-set uagb-block-0f41792f\"><div class=\"uagb-forms-name-label  uagb-forms-input-label\" id=\"0f41792f\"> Name<\/div><input type=\"text\" placeholder=\"Your Name\" class=\"uagb-forms-name-input uagb-forms-input\" name=\"0f41792f\" autocomplete=\"name\"\/><\/div>\n\n\n\n<div class=\"wp-block-uagb-forms-name uagb-forms-name-wrap uagb-forms-field-set uagb-block-0dda7c5a\"><div class=\"uagb-forms-name-label  uagb-forms-input-label\" id=\"0dda7c5a\">Phone number<\/div><input type=\"text\" placeholder=\"+49....\" class=\"uagb-forms-name-input uagb-forms-input\" name=\"0dda7c5a\" autocomplete=\"off\"\/><\/div>\n\n\n\n<div class=\"wp-block-uagb-forms-email uagb-forms-email-wrap uagb-forms-field-set uagb-block-057eb142\"><div class=\"uagb-forms-email-label required uagb-forms-input-label\" id=\"057eb142\">E-mail<\/div><input type=\"email\" class=\"uagb-forms-email-input uagb-forms-input\" placeholder=\"example@mail.com\" required name=\"057eb142\" autocomplete=\"email\"\/><\/div>\n\n\n\n<div class=\"wp-block-uagb-forms-textarea uagb-forms-textarea-wrap uagb-forms-field-set uagb-block-7a74f203\"><div class=\"uagb-forms-textarea-label required uagb-forms-input-label\" id=\"7a74f203\">Your inquiry<\/div><textarea required class=\"uagb-forms-textarea-input uagb-forms-input\" rows=\"4\" placeholder=\"Enter your message to us...\" name=\"7a74f203\" autocomplete=\"off\"><\/textarea><\/div>\n<div class=\"uagb-forms-form-hidden-data\"><input type=\"hidden\" id=\"g-recaptcha-response\" class=\"uagb-forms-recaptcha\"\/><input type=\"hidden\" class=\"uagb_forms_form_label\" value=\"Kontaktformular Concrete Dynamics\"\/><input type=\"hidden\" class=\"uagb_forms_form_id\" value=\"uagb-form-5ada7b7b\"\/><\/div><div class=\"g-recaptcha uagb-forms-field-set\" data-sitekey=\"\"><\/div><div class=\"uagb-form-reacaptcha-error-5ada7b7b\"><\/div><div class=\"uagb-forms-main-submit-button-wrap wp-block-button\"><button class=\"uagb-forms-main-submit-button wp-block-button__link\"><div class=\"uagb-forms-main-submit-button-text\">Submit<\/div><\/button><\/div><input type=\"hidden\" name=\"trp-form-language\" value=\"en\"\/><\/form><div class=\"uagb-forms-success-message-5ada7b7b uagb-forms-submit-message-hide\"><span>Your request has been sent successfully!<\/span><\/div><div class=\"uagb-forms-failed-message-5ada7b7b uagb-forms-submit-message-hide\"><span>There was an error sending the form. We apologize for this. Please feel free to contact us via: info@concrete-dynamics.com<\/span><\/div><\/div>","protected":false},"excerpt":{"rendered":"<p>Betoniertagebuch Weniger Papier, weniger Fehler Statt m\u00fchevollem Excel-Chaos, \u00fcbersichtlich Betonagen verwalten Eine Anwendung bildet Ihren Gesch\u00e4ftsprozess ab. Zugang zum Betoniertagebuch Fordern Sie noch heute eine Demonstration an und probieren Sie unser Betoniertagebuch aus! Fragen Sie noch heute einen Probezugang zu unserer Software an. Unverbindlich und ohne Kosten.<\/p>","protected":false},"author":2,"featured_media":0,"parent":0,"menu_order":0,"comment_status":"closed","ping_status":"closed","template":"","meta":{"_uag_custom_page_level_css":"\/* Positioning the stack container *\/\n.card-stack-container {\n  display: flex;\n  justify-content: center; \/* Center images *\/\n\n}\n\n\/* Ensure images stack on top of each other *\/\n.hover-card {\n  position: absolute;\n  transition: transform 0.4s ease, box-shadow 0.4s ease, z-index 0s 0.2s;\n  transform-origin: center;\n  will-change: transform;\n}\n\n\/*.hover-card:focus {\n    position: fixed;\n    top: 50%;\n    left: 50%;\nz-index: 10;\n transform:translate(-50%, -50%)  scale(2.5) ;\n}*\/\n\n\/* Default slight tilt and small offset *\/\n.hover-card-1 {\n  transform: rotate(-3deg) translateY(-3rem) translateX(-3rem) scale(0.9);\n  \/\/z-index: 1;\n}\n\n.hover-card-2 {\n  transform: rotateY(10deg) translateY(1rem) translateX(2rem) scale(0.9);\n  \/\/z-index: 2;\n}\n\n\/* Hover Effect - Pop forward and straighten *\/\n.hover-card-2:hover {\n  transform: rotateY(0deg) translateY(1rem) translateX(1rem) scale(1.0);\n  box-shadow: 0px 10px 30px rgba(0, 0, 0, 0.2);\n  z-index: 10;\n}\n.hover-card-1:hover {\n  transform: rotateY(0deg) translateY(-3rem) translateX(-3rem) scale(1.0);\n  box-shadow: 0px 10px 30px rgba(0, 0, 0, 0.2);\n  z-index: 10;\n}","editor_plus_copied_stylings":"{}","footnotes":""},"class_list":["post-577","page","type-page","status-publish","hentry"],"yoast_head":"<!-- This site is optimized with the Yoast SEO plugin v27.4 - https:\/\/yoast.com\/product\/yoast-seo-wordpress\/ -->\n<title>Betoniertagebuch - Concrete Dynamics - Betonagen verwalten leicht gemacht<\/title>\n<meta name=\"description\" content=\"Ihr Betoniertagebuch: Weniger Papier, weniger Fehler. Statt m\u00fchevollem Excel-Chaos, in einer Anwendung \u00fcbersichtlich Betonagen verwalten.\" \/>\n<meta name=\"robots\" content=\"index, follow, max-snippet:-1, max-image-preview:large, max-video-preview:-1\" \/>\n<link rel=\"canonical\" href=\"https:\/\/concrete-dynamics.com\/en\/betoniertagebuch\/\" \/>\n<meta property=\"og:locale\" content=\"en_US\" \/>\n<meta property=\"og:type\" content=\"article\" \/>\n<meta property=\"og:title\" content=\"Betoniertagebuch - Concrete Dynamics - Betonagen verwalten leicht gemacht\" \/>\n<meta property=\"og:description\" content=\"Ihr Betoniertagebuch: Weniger Papier, weniger Fehler. Statt m\u00fchevollem Excel-Chaos, in einer Anwendung \u00fcbersichtlich Betonagen verwalten.\" \/>\n<meta property=\"og:url\" content=\"https:\/\/concrete-dynamics.com\/en\/betoniertagebuch\/\" \/>\n<meta property=\"og:site_name\" content=\"Concrete Dynamics\" \/>\n<meta property=\"article:modified_time\" content=\"2025-06-28T14:42:45+00:00\" \/>\n<meta property=\"og:image\" content=\"https:\/\/concrete-dynamics.com\/wp-content\/uploads\/2025\/02\/Screenshot-from-2025-02-13-13-43-12.png\" \/>\n\t<meta property=\"og:image:width\" content=\"2020\" \/>\n\t<meta property=\"og:image:height\" content=\"1314\" \/>\n\t<meta property=\"og:image:type\" content=\"image\/png\" \/>\n<meta name=\"twitter:card\" content=\"summary_large_image\" \/>\n<meta name=\"twitter:label1\" content=\"Est. reading time\" \/>\n\t<meta name=\"twitter:data1\" content=\"1 minute\" \/>\n<script type=\"application\/ld+json\" class=\"yoast-schema-graph\">{\"@context\":\"https:\\\/\\\/schema.org\",\"@graph\":[{\"@type\":\"WebPage\",\"@id\":\"https:\\\/\\\/concrete-dynamics.com\\\/betoniertagebuch\\\/\",\"url\":\"https:\\\/\\\/concrete-dynamics.com\\\/betoniertagebuch\\\/\",\"name\":\"Betoniertagebuch - Concrete Dynamics - Betonagen verwalten leicht gemacht\",\"isPartOf\":{\"@id\":\"https:\\\/\\\/concrete-dynamics.com\\\/#website\"},\"primaryImageOfPage\":{\"@id\":\"https:\\\/\\\/concrete-dynamics.com\\\/betoniertagebuch\\\/#primaryimage\"},\"image\":{\"@id\":\"https:\\\/\\\/concrete-dynamics.com\\\/betoniertagebuch\\\/#primaryimage\"},\"thumbnailUrl\":\"https:\\\/\\\/concrete-dynamics.com\\\/wp-content\\\/uploads\\\/2025\\\/02\\\/Screenshot-from-2025-02-13-13-43-12.png\",\"datePublished\":\"2025-02-24T16:39:22+00:00\",\"dateModified\":\"2025-06-28T14:42:45+00:00\",\"description\":\"Ihr Betoniertagebuch: Weniger Papier, weniger Fehler. Statt m\u00fchevollem Excel-Chaos, in einer Anwendung \u00fcbersichtlich Betonagen verwalten.\",\"breadcrumb\":{\"@id\":\"https:\\\/\\\/concrete-dynamics.com\\\/betoniertagebuch\\\/#breadcrumb\"},\"inLanguage\":\"en-US\",\"potentialAction\":[{\"@type\":\"ReadAction\",\"target\":[\"https:\\\/\\\/concrete-dynamics.com\\\/betoniertagebuch\\\/\"]}]},{\"@type\":\"ImageObject\",\"inLanguage\":\"en-US\",\"@id\":\"https:\\\/\\\/concrete-dynamics.com\\\/betoniertagebuch\\\/#primaryimage\",\"url\":\"https:\\\/\\\/concrete-dynamics.com\\\/wp-content\\\/uploads\\\/2025\\\/02\\\/Screenshot-from-2025-02-13-13-43-12.png\",\"contentUrl\":\"https:\\\/\\\/concrete-dynamics.com\\\/wp-content\\\/uploads\\\/2025\\\/02\\\/Screenshot-from-2025-02-13-13-43-12.png\"},{\"@type\":\"BreadcrumbList\",\"@id\":\"https:\\\/\\\/concrete-dynamics.com\\\/betoniertagebuch\\\/#breadcrumb\",\"itemListElement\":[{\"@type\":\"ListItem\",\"position\":1,\"name\":\"Startseite\",\"item\":\"https:\\\/\\\/concrete-dynamics.com\\\/\"},{\"@type\":\"ListItem\",\"position\":2,\"name\":\"Betoniertagebuch\"}]},{\"@type\":\"WebSite\",\"@id\":\"https:\\\/\\\/concrete-dynamics.com\\\/#website\",\"url\":\"https:\\\/\\\/concrete-dynamics.com\\\/\",\"name\":\"Concrete Dynamics\",\"description\":\"Ihre Software-Vision, unsere digitale Handschrift.\",\"publisher\":{\"@id\":\"https:\\\/\\\/concrete-dynamics.com\\\/#organization\"},\"alternateName\":\"Concrete Dynamics UG (haftungsbeschr\u00e4nkt)\",\"potentialAction\":[{\"@type\":\"SearchAction\",\"target\":{\"@type\":\"EntryPoint\",\"urlTemplate\":\"https:\\\/\\\/concrete-dynamics.com\\\/?s={search_term_string}\"},\"query-input\":{\"@type\":\"PropertyValueSpecification\",\"valueRequired\":true,\"valueName\":\"search_term_string\"}}],\"inLanguage\":\"en-US\"},{\"@type\":\"Organization\",\"@id\":\"https:\\\/\\\/concrete-dynamics.com\\\/#organization\",\"name\":\"Concrete Dynamics UG (haftungsbeschr\u00e4nkt)\",\"alternateName\":\"Concrete Dynamics\",\"url\":\"https:\\\/\\\/concrete-dynamics.com\\\/\",\"logo\":{\"@type\":\"ImageObject\",\"inLanguage\":\"en-US\",\"@id\":\"https:\\\/\\\/concrete-dynamics.com\\\/#\\\/schema\\\/logo\\\/image\\\/\",\"url\":\"https:\\\/\\\/concrete-dynamics.com\\\/wp-content\\\/uploads\\\/2025\\\/02\\\/logo_blue_vscode_2k-2-1-png.webp\",\"contentUrl\":\"https:\\\/\\\/concrete-dynamics.com\\\/wp-content\\\/uploads\\\/2025\\\/02\\\/logo_blue_vscode_2k-2-1-png.webp\",\"width\":1872,\"height\":1791,\"caption\":\"Concrete Dynamics UG (haftungsbeschr\u00e4nkt)\"},\"image\":{\"@id\":\"https:\\\/\\\/concrete-dynamics.com\\\/#\\\/schema\\\/logo\\\/image\\\/\"},\"sameAs\":[\"https:\\\/\\\/www.linkedin.com\\\/company\\\/concretedynamics\"]}]}<\/script>\n<!-- \/ Yoast SEO plugin. -->","yoast_head_json":{"title":"Betoniertagebuch - Concrete Dynamics - Betonagen verwalten leicht gemacht","description":"Ihr Betoniertagebuch: Weniger Papier, weniger Fehler. Statt m\u00fchevollem Excel-Chaos, in einer Anwendung \u00fcbersichtlich Betonagen verwalten.","robots":{"index":"index","follow":"follow","max-snippet":"max-snippet:-1","max-image-preview":"max-image-preview:large","max-video-preview":"max-video-preview:-1"},"canonical":"https:\/\/concrete-dynamics.com\/en\/betoniertagebuch\/","og_locale":"en_US","og_type":"article","og_title":"Betoniertagebuch - Concrete Dynamics - Betonagen verwalten leicht gemacht","og_description":"Ihr Betoniertagebuch: Weniger Papier, weniger Fehler. Statt m\u00fchevollem Excel-Chaos, in einer Anwendung \u00fcbersichtlich Betonagen verwalten.","og_url":"https:\/\/concrete-dynamics.com\/en\/betoniertagebuch\/","og_site_name":"Concrete Dynamics","article_modified_time":"2025-06-28T14:42:45+00:00","og_image":[{"width":2020,"height":1314,"url":"https:\/\/concrete-dynamics.com\/wp-content\/uploads\/2025\/02\/Screenshot-from-2025-02-13-13-43-12.png","type":"image\/png"}],"twitter_card":"summary_large_image","twitter_misc":{"Est. reading time":"1 minute"},"schema":{"@context":"https:\/\/schema.org","@graph":[{"@type":"WebPage","@id":"https:\/\/concrete-dynamics.com\/betoniertagebuch\/","url":"https:\/\/concrete-dynamics.com\/betoniertagebuch\/","name":"Betoniertagebuch - Concrete Dynamics - Betonagen verwalten leicht gemacht","isPartOf":{"@id":"https:\/\/concrete-dynamics.com\/#website"},"primaryImageOfPage":{"@id":"https:\/\/concrete-dynamics.com\/betoniertagebuch\/#primaryimage"},"image":{"@id":"https:\/\/concrete-dynamics.com\/betoniertagebuch\/#primaryimage"},"thumbnailUrl":"https:\/\/concrete-dynamics.com\/wp-content\/uploads\/2025\/02\/Screenshot-from-2025-02-13-13-43-12.png","datePublished":"2025-02-24T16:39:22+00:00","dateModified":"2025-06-28T14:42:45+00:00","description":"Ihr Betoniertagebuch: Weniger Papier, weniger Fehler. Statt m\u00fchevollem Excel-Chaos, in einer Anwendung \u00fcbersichtlich Betonagen verwalten.","breadcrumb":{"@id":"https:\/\/concrete-dynamics.com\/betoniertagebuch\/#breadcrumb"},"inLanguage":"en-US","potentialAction":[{"@type":"ReadAction","target":["https:\/\/concrete-dynamics.com\/betoniertagebuch\/"]}]},{"@type":"ImageObject","inLanguage":"en-US","@id":"https:\/\/concrete-dynamics.com\/betoniertagebuch\/#primaryimage","url":"https:\/\/concrete-dynamics.com\/wp-content\/uploads\/2025\/02\/Screenshot-from-2025-02-13-13-43-12.png","contentUrl":"https:\/\/concrete-dynamics.com\/wp-content\/uploads\/2025\/02\/Screenshot-from-2025-02-13-13-43-12.png"},{"@type":"BreadcrumbList","@id":"https:\/\/concrete-dynamics.com\/betoniertagebuch\/#breadcrumb","itemListElement":[{"@type":"ListItem","position":1,"name":"Startseite","item":"https:\/\/concrete-dynamics.com\/"},{"@type":"ListItem","position":2,"name":"Betoniertagebuch"}]},{"@type":"WebSite","@id":"https:\/\/concrete-dynamics.com\/#website","url":"https:\/\/concrete-dynamics.com\/","name":"Concrete Dynamics","description":"Your software vision, our digital signature.","publisher":{"@id":"https:\/\/concrete-dynamics.com\/#organization"},"alternateName":"Concrete Dynamics UG (haftungsbeschr\u00e4nkt)","potentialAction":[{"@type":"SearchAction","target":{"@type":"EntryPoint","urlTemplate":"https:\/\/concrete-dynamics.com\/?s={search_term_string}"},"query-input":{"@type":"PropertyValueSpecification","valueRequired":true,"valueName":"search_term_string"}}],"inLanguage":"en-US"},{"@type":"Organization","@id":"https:\/\/concrete-dynamics.com\/#organization","name":"Concrete Dynamics UG (haftungsbeschr\u00e4nkt)","alternateName":"Concrete Dynamics","url":"https:\/\/concrete-dynamics.com\/","logo":{"@type":"ImageObject","inLanguage":"en-US","@id":"https:\/\/concrete-dynamics.com\/#\/schema\/logo\/image\/","url":"https:\/\/concrete-dynamics.com\/wp-content\/uploads\/2025\/02\/logo_blue_vscode_2k-2-1-png.webp","contentUrl":"https:\/\/concrete-dynamics.com\/wp-content\/uploads\/2025\/02\/logo_blue_vscode_2k-2-1-png.webp","width":1872,"height":1791,"caption":"Concrete Dynamics UG (haftungsbeschr\u00e4nkt)"},"image":{"@id":"https:\/\/concrete-dynamics.com\/#\/schema\/logo\/image\/"},"sameAs":["https:\/\/www.linkedin.com\/company\/concretedynamics"]}]}},"uagb_featured_image_src":{"full":false,"thumbnail":false,"medium":false,"medium_large":false,"large":false,"1536x1536":false,"2048x2048":false,"trp-custom-language-flag":false},"uagb_author_info":{"display_name":"David Fischer","author_link":"https:\/\/concrete-dynamics.com\/en\/author\/fischerd\/"},"uagb_comment_info":0,"uagb_excerpt":"Betoniertagebuch Weniger Papier, weniger Fehler Statt m\u00fchevollem Excel-Chaos, \u00fcbersichtlich Betonagen verwalten Eine Anwendung bildet Ihren Gesch\u00e4ftsprozess ab. Zugang zum Betoniertagebuch Fordern Sie noch heute eine Demonstration an und probieren Sie unser Betoniertagebuch aus! Fragen Sie noch heute einen Probezugang zu unserer Software an. Unverbindlich und ohne Kosten.","_links":{"self":[{"href":"https:\/\/concrete-dynamics.com\/en\/wp-json\/wp\/v2\/pages\/577","targetHints":{"allow":["GET"]}}],"collection":[{"href":"https:\/\/concrete-dynamics.com\/en\/wp-json\/wp\/v2\/pages"}],"about":[{"href":"https:\/\/concrete-dynamics.com\/en\/wp-json\/wp\/v2\/types\/page"}],"author":[{"embeddable":true,"href":"https:\/\/concrete-dynamics.com\/en\/wp-json\/wp\/v2\/users\/2"}],"replies":[{"embeddable":true,"href":"https:\/\/concrete-dynamics.com\/en\/wp-json\/wp\/v2\/comments?post=577"}],"version-history":[{"count":0,"href":"https:\/\/concrete-dynamics.com\/en\/wp-json\/wp\/v2\/pages\/577\/revisions"}],"wp:attachment":[{"href":"https:\/\/concrete-dynamics.com\/en\/wp-json\/wp\/v2\/media?parent=577"}],"curies":[{"name":"wp","href":"https:\/\/api.w.org\/{rel}","templated":true}]}}