{"id":605,"date":"2025-02-22T23:47:15","date_gmt":"2025-02-22T22:47:15","guid":{"rendered":"https:\/\/concrete-dynamics.com\/?page_id=605"},"modified":"2025-11-07T19:50:06","modified_gmt":"2025-11-07T18:50:06","slug":"kontakt","status":"publish","type":"page","link":"https:\/\/concrete-dynamics.com\/en\/kontakt\/","title":{"rendered":"Contact"},"content":{"rendered":"<h1 class=\"wp-block-heading has-text-align-left eplus-wrapper\">Contact<\/h1>\n\n\n\n<p class=\"eplus-wrapper\">Contact us without obligation and let us advise you free of charge.<\/p>\n\n\n\n<p class=\"eplus-wrapper\">Email: info@concrete-dynamics.com<\/p>\n\n\n\n<p class=\"eplus-wrapper\">Mobil: +49 151 68125025<\/p>\n\n\n\n<p class=\"eplus-wrapper\">You are also welcome to use our contact form<\/p>\n\n\n\n<div class=\"wp-block-uagb-forms uagb-forms__outer-wrap uagb-block-5ada7b7b uagb-forms__medium-btn\"><form class=\"uagb-forms-main-form\" method=\"post\" autocomplete=\"on\" name=\"uagb-form-5ada7b7b\" action=\"\">\n<div class=\"wp-block-uagb-forms-name uagb-forms-name-wrap uagb-forms-field-set uagb-block-0f41792f\"><div class=\"uagb-forms-name-label  uagb-forms-input-label\" id=\"0f41792f\"> Name<\/div><input type=\"text\" placeholder=\"Your Name\" class=\"uagb-forms-name-input uagb-forms-input\" name=\"0f41792f\" autocomplete=\"name\"\/><\/div>\n\n\n\n<div class=\"wp-block-uagb-forms-name uagb-forms-name-wrap uagb-forms-field-set uagb-block-0dda7c5a\"><div class=\"uagb-forms-name-label  uagb-forms-input-label\" id=\"0dda7c5a\">Phone number<\/div><input type=\"text\" placeholder=\"+49....\" class=\"uagb-forms-name-input uagb-forms-input\" name=\"0dda7c5a\" autocomplete=\"off\"\/><\/div>\n\n\n\n<div class=\"wp-block-uagb-forms-email uagb-forms-email-wrap uagb-forms-field-set uagb-block-057eb142\"><div class=\"uagb-forms-email-label required uagb-forms-input-label\" id=\"057eb142\">E-mail<\/div><input type=\"email\" class=\"uagb-forms-email-input uagb-forms-input\" placeholder=\"example@mail.com\" required name=\"057eb142\" autocomplete=\"email\"\/><\/div>\n\n\n\n<div class=\"wp-block-uagb-forms-textarea uagb-forms-textarea-wrap uagb-forms-field-set uagb-block-7a74f203\"><div class=\"uagb-forms-textarea-label required uagb-forms-input-label\" id=\"7a74f203\">Your inquiry<\/div><textarea required class=\"uagb-forms-textarea-input uagb-forms-input\" rows=\"4\" placeholder=\"Enter your message to us...\" name=\"7a74f203\" autocomplete=\"off\"><\/textarea><\/div>\n<div class=\"uagb-forms-form-hidden-data\"><input type=\"hidden\" id=\"g-recaptcha-response\" class=\"uagb-forms-recaptcha\"\/><input type=\"hidden\" class=\"uagb_forms_form_label\" value=\"Kontaktformular Concrete Dynamics\"\/><input type=\"hidden\" class=\"uagb_forms_form_id\" value=\"uagb-form-5ada7b7b\"\/><\/div><div class=\"g-recaptcha uagb-forms-field-set\" data-sitekey=\"\"><\/div><div class=\"uagb-form-reacaptcha-error-5ada7b7b\"><\/div><div class=\"uagb-forms-main-submit-button-wrap wp-block-button\"><button class=\"uagb-forms-main-submit-button wp-block-button__link\"><div class=\"uagb-forms-main-submit-button-text\">Submit<\/div><\/button><\/div><input type=\"hidden\" name=\"trp-form-language\" value=\"en\"\/><\/form><div class=\"uagb-forms-success-message-5ada7b7b uagb-forms-submit-message-hide\"><span>Your request has been sent successfully!<\/span><\/div><div class=\"uagb-forms-failed-message-5ada7b7b uagb-forms-submit-message-hide\"><span>There was an error sending the form. We apologize for this. Please feel free to contact us via: info@concrete-dynamics.com<\/span><\/div><\/div>\n\n\n\n<div class=\"wp-block-uagb-image uagb-block-a01ed4f5 wp-block-uagb-image--layout-default wp-block-uagb-image--effect-zoomin wp-block-uagb-image--align-none\"><figure class=\"wp-block-uagb-image__figure\"><img decoding=\"async\" srcset=\"https:\/\/concrete-dynamics.com\/wp-content\/uploads\/2025\/06\/DSC_0150-edited-2048x1365.jpg ,https:\/\/concrete-dynamics.com\/wp-content\/uploads\/2025\/06\/DSC_0150-edited-scaled.jpg 780w, https:\/\/concrete-dynamics.com\/wp-content\/uploads\/2025\/06\/DSC_0150-edited-scaled.jpg 360w\" sizes=\"auto, (max-width: 480px) 150px\" src=\"https:\/\/concrete-dynamics.com\/wp-content\/uploads\/2025\/06\/DSC_0150-edited-2048x1365.jpg\" alt=\"\" class=\"uag-image-971\" width=\"2048\" height=\"1365\" title=\"philipp-david-kontakt\" loading=\"lazy\" role=\"img\"\/><\/figure><\/div>\n\n\n\n<p class=\"eplus-wrapper\">We will get in touch with you as soon as possible. Thank you for your inquiry and your trust.<br>Your Concrete Dynamics Team.<\/p>\n\n\n\n<div class=\"is-style-section-1 wp-block-group alignfull eplus-wrapper has-global-padding is-layout-constrained wp-block-group-is-layout-constrained is-style-section-1--1\" style=\"margin-top:var(--wp--preset--spacing--60);margin-bottom:var(--wp--preset--spacing--60);padding-top:0;padding-bottom:0\">\n<div class=\"wp-block-group eplus-wrapper is-vertical is-content-justification-center is-layout-flex wp-container-core-group-is-layout-16923034 wp-block-group-is-layout-flex\" style=\"margin-top:0;margin-bottom:0;padding-top:var(--wp--preset--spacing--50);padding-bottom:var(--wp--preset--spacing--50)\">\n<h2 class=\"wp-block-heading has-text-align-center eplus-wrapper\">Not convinced yet?<\/h2>\n\n\n\n<p class=\"eplus-wrapper\">Take a look at our prices!<\/p>\n\n\n\n<div class=\"wp-block-buttons eplus-wrapper is-layout-flex wp-block-buttons-is-layout-flex\"><div class=\"is-style-fill wp-block-button eplus-wrapper eplus-styles-uid-fe4f3b\"><a class=\"wp-block-button__link wp-element-button\" href=\"\/en\/preise\/\">Prices<\/a><\/div><\/div>\n<\/div>\n<\/div>\n\n\n\n<h2 class=\"wp-block-heading eplus-wrapper\">Visit us on <a href=\"https:\/\/www.linkedin.com\/company\/concretedynamics\">LinkedIn<\/a><\/h2>\n\n\n\n<p class=\"eplus-wrapper\">Find out more about our company and its employees.<\/p>\n\n\n\n<ul class=\"wp-block-social-links eplus-wrapper is-layout-flex wp-block-social-links-is-layout-flex\"><li class=\"wp-social-link wp-social-link-linkedin  wp-block-social-link\"><a href=\"https:\/\/www.linkedin.com\/company\/concretedynamics\" class=\"wp-block-social-link-anchor\"><svg width=\"24\" height=\"24\" viewbox=\"0 0 24 24\" version=\"1.1\" xmlns=\"http:\/\/www.w3.org\/2000\/svg\" aria-hidden=\"true\" focusable=\"false\"><path d=\"M19.7,3H4.3C3.582,3,3,3.582,3,4.3v15.4C3,20.418,3.582,21,4.3,21h15.4c0.718,0,1.3-0.582,1.3-1.3V4.3 C21,3.582,20.418,3,19.7,3z M8.339,18.338H5.667v-8.59h2.672V18.338z M7.004,8.574c-0.857,0-1.549-0.694-1.549-1.548 c0-0.855,0.691-1.548,1.549-1.548c0.854,0,1.547,0.694,1.547,1.548C8.551,7.881,7.858,8.574,7.004,8.574z M18.339,18.338h-2.669 v-4.177c0-0.996-0.017-2.278-1.387-2.278c-1.389,0-1.601,1.086-1.601,2.206v4.249h-2.667v-8.59h2.559v1.174h0.037 c0.356-0.675,1.227-1.387,2.526-1.387c2.703,0,3.203,1.779,3.203,4.092V18.338z\"><\/path><\/svg><span class=\"wp-block-social-link-label screen-reader-text\">LinkedIn<\/span><\/a><\/li><\/ul>","protected":false},"excerpt":{"rendered":"<p>Kontakt Nehmen Sie unverbindlich Kontakt zu uns auf und lassen Sie sich kostenfrei beraten. Email: info@concrete-dynamics.com Mobil: +49 151 68125025 Nutzen Sie gerne auch unser Kontaktformular Wir werden uns so schnell wie m\u00f6glich mit Ihnen in Kontakt setzen. Vielen Dank f\u00fcr Ihre Anfrage und Ihr Vertrauen.Ihr Concrete Dynamics Team. Noch nicht \u00fcberzeugt? Werfen Sie einen [&hellip;]<\/p>","protected":false},"author":2,"featured_media":0,"parent":0,"menu_order":0,"comment_status":"closed","ping_status":"closed","template":"","meta":{"_uag_custom_page_level_css":"","editor_plus_copied_stylings":"{}","footnotes":""},"class_list":["post-605","page","type-page","status-publish","hentry"],"yoast_head":"<!-- This site is optimized with the Yoast SEO plugin v27.4 - https:\/\/yoast.com\/product\/yoast-seo-wordpress\/ -->\n<title>Kontakt - Concrete Dynamics - Unverbindliche Kontaktaufnahme<\/title>\n<meta name=\"description\" content=\"Nehmen Sie unverbindlich Kontakt zu uns auf und lassen Sie sich kostenfrei beraten. Vielen Dank f\u00fcr Ihr Vertrauen.\" \/>\n<meta name=\"robots\" content=\"index, follow, max-snippet:-1, max-image-preview:large, max-video-preview:-1\" \/>\n<link rel=\"canonical\" href=\"https:\/\/concrete-dynamics.com\/en\/kontakt\/\" \/>\n<meta property=\"og:locale\" content=\"en_US\" \/>\n<meta property=\"og:type\" content=\"article\" \/>\n<meta property=\"og:title\" content=\"Kontakt - Concrete Dynamics - Unverbindliche Kontaktaufnahme\" \/>\n<meta property=\"og:description\" content=\"Nehmen Sie unverbindlich Kontakt zu uns auf und lassen Sie sich kostenfrei beraten. Vielen Dank f\u00fcr Ihr Vertrauen.\" \/>\n<meta property=\"og:url\" content=\"https:\/\/concrete-dynamics.com\/en\/kontakt\/\" \/>\n<meta property=\"og:site_name\" content=\"Concrete Dynamics\" \/>\n<meta property=\"article:modified_time\" content=\"2025-11-07T18:50:06+00:00\" \/>\n<meta property=\"og:image\" content=\"https:\/\/concrete-dynamics.com\/wp-content\/uploads\/2025\/06\/DSC_0150-edited-2048x1365.jpg\" \/>\n<meta name=\"twitter:card\" content=\"summary_large_image\" \/>\n<meta name=\"twitter:label1\" content=\"Est. reading time\" \/>\n\t<meta name=\"twitter:data1\" content=\"1 minute\" \/>\n<script type=\"application\/ld+json\" class=\"yoast-schema-graph\">{\"@context\":\"https:\\\/\\\/schema.org\",\"@graph\":[{\"@type\":\"WebPage\",\"@id\":\"https:\\\/\\\/concrete-dynamics.com\\\/kontakt\\\/\",\"url\":\"https:\\\/\\\/concrete-dynamics.com\\\/kontakt\\\/\",\"name\":\"Kontakt - Concrete Dynamics - Unverbindliche Kontaktaufnahme\",\"isPartOf\":{\"@id\":\"https:\\\/\\\/concrete-dynamics.com\\\/#website\"},\"primaryImageOfPage\":{\"@id\":\"https:\\\/\\\/concrete-dynamics.com\\\/kontakt\\\/#primaryimage\"},\"image\":{\"@id\":\"https:\\\/\\\/concrete-dynamics.com\\\/kontakt\\\/#primaryimage\"},\"thumbnailUrl\":\"https:\\\/\\\/concrete-dynamics.com\\\/wp-content\\\/uploads\\\/2025\\\/06\\\/DSC_0150-edited-2048x1365.jpg\",\"datePublished\":\"2025-02-22T22:47:15+00:00\",\"dateModified\":\"2025-11-07T18:50:06+00:00\",\"description\":\"Nehmen Sie unverbindlich Kontakt zu uns auf und lassen Sie sich kostenfrei beraten. Vielen Dank f\u00fcr Ihr Vertrauen.\",\"breadcrumb\":{\"@id\":\"https:\\\/\\\/concrete-dynamics.com\\\/kontakt\\\/#breadcrumb\"},\"inLanguage\":\"en-US\",\"potentialAction\":[{\"@type\":\"ReadAction\",\"target\":[\"https:\\\/\\\/concrete-dynamics.com\\\/kontakt\\\/\"]}]},{\"@type\":\"ImageObject\",\"inLanguage\":\"en-US\",\"@id\":\"https:\\\/\\\/concrete-dynamics.com\\\/kontakt\\\/#primaryimage\",\"url\":\"https:\\\/\\\/concrete-dynamics.com\\\/wp-content\\\/uploads\\\/2025\\\/06\\\/DSC_0150-edited-2048x1365.jpg\",\"contentUrl\":\"https:\\\/\\\/concrete-dynamics.com\\\/wp-content\\\/uploads\\\/2025\\\/06\\\/DSC_0150-edited-2048x1365.jpg\"},{\"@type\":\"BreadcrumbList\",\"@id\":\"https:\\\/\\\/concrete-dynamics.com\\\/kontakt\\\/#breadcrumb\",\"itemListElement\":[{\"@type\":\"ListItem\",\"position\":1,\"name\":\"Startseite\",\"item\":\"https:\\\/\\\/concrete-dynamics.com\\\/\"},{\"@type\":\"ListItem\",\"position\":2,\"name\":\"Kontakt\"}]},{\"@type\":\"WebSite\",\"@id\":\"https:\\\/\\\/concrete-dynamics.com\\\/#website\",\"url\":\"https:\\\/\\\/concrete-dynamics.com\\\/\",\"name\":\"Concrete Dynamics\",\"description\":\"Ihre Software-Vision, unsere digitale Handschrift.\",\"publisher\":{\"@id\":\"https:\\\/\\\/concrete-dynamics.com\\\/#organization\"},\"alternateName\":\"Concrete Dynamics UG (haftungsbeschr\u00e4nkt)\",\"potentialAction\":[{\"@type\":\"SearchAction\",\"target\":{\"@type\":\"EntryPoint\",\"urlTemplate\":\"https:\\\/\\\/concrete-dynamics.com\\\/?s={search_term_string}\"},\"query-input\":{\"@type\":\"PropertyValueSpecification\",\"valueRequired\":true,\"valueName\":\"search_term_string\"}}],\"inLanguage\":\"en-US\"},{\"@type\":\"Organization\",\"@id\":\"https:\\\/\\\/concrete-dynamics.com\\\/#organization\",\"name\":\"Concrete Dynamics UG (haftungsbeschr\u00e4nkt)\",\"alternateName\":\"Concrete Dynamics\",\"url\":\"https:\\\/\\\/concrete-dynamics.com\\\/\",\"logo\":{\"@type\":\"ImageObject\",\"inLanguage\":\"en-US\",\"@id\":\"https:\\\/\\\/concrete-dynamics.com\\\/#\\\/schema\\\/logo\\\/image\\\/\",\"url\":\"https:\\\/\\\/concrete-dynamics.com\\\/wp-content\\\/uploads\\\/2025\\\/02\\\/logo_blue_vscode_2k-2-1-png.webp\",\"contentUrl\":\"https:\\\/\\\/concrete-dynamics.com\\\/wp-content\\\/uploads\\\/2025\\\/02\\\/logo_blue_vscode_2k-2-1-png.webp\",\"width\":1872,\"height\":1791,\"caption\":\"Concrete Dynamics UG (haftungsbeschr\u00e4nkt)\"},\"image\":{\"@id\":\"https:\\\/\\\/concrete-dynamics.com\\\/#\\\/schema\\\/logo\\\/image\\\/\"},\"sameAs\":[\"https:\\\/\\\/www.linkedin.com\\\/company\\\/concretedynamics\"]}]}<\/script>\n<!-- \/ Yoast SEO plugin. -->","yoast_head_json":{"title":"Kontakt - Concrete Dynamics - Unverbindliche Kontaktaufnahme","description":"Nehmen Sie unverbindlich Kontakt zu uns auf und lassen Sie sich kostenfrei beraten. Vielen Dank f\u00fcr Ihr Vertrauen.","robots":{"index":"index","follow":"follow","max-snippet":"max-snippet:-1","max-image-preview":"max-image-preview:large","max-video-preview":"max-video-preview:-1"},"canonical":"https:\/\/concrete-dynamics.com\/en\/kontakt\/","og_locale":"en_US","og_type":"article","og_title":"Kontakt - Concrete Dynamics - Unverbindliche Kontaktaufnahme","og_description":"Nehmen Sie unverbindlich Kontakt zu uns auf und lassen Sie sich kostenfrei beraten. Vielen Dank f\u00fcr Ihr Vertrauen.","og_url":"https:\/\/concrete-dynamics.com\/en\/kontakt\/","og_site_name":"Concrete Dynamics","article_modified_time":"2025-11-07T18:50:06+00:00","og_image":[{"url":"https:\/\/concrete-dynamics.com\/wp-content\/uploads\/2025\/06\/DSC_0150-edited-2048x1365.jpg","type":"","width":"","height":""}],"twitter_card":"summary_large_image","twitter_misc":{"Est. reading time":"1 minute"},"schema":{"@context":"https:\/\/schema.org","@graph":[{"@type":"WebPage","@id":"https:\/\/concrete-dynamics.com\/kontakt\/","url":"https:\/\/concrete-dynamics.com\/kontakt\/","name":"Kontakt - Concrete Dynamics - Unverbindliche Kontaktaufnahme","isPartOf":{"@id":"https:\/\/concrete-dynamics.com\/#website"},"primaryImageOfPage":{"@id":"https:\/\/concrete-dynamics.com\/kontakt\/#primaryimage"},"image":{"@id":"https:\/\/concrete-dynamics.com\/kontakt\/#primaryimage"},"thumbnailUrl":"https:\/\/concrete-dynamics.com\/wp-content\/uploads\/2025\/06\/DSC_0150-edited-2048x1365.jpg","datePublished":"2025-02-22T22:47:15+00:00","dateModified":"2025-11-07T18:50:06+00:00","description":"Nehmen Sie unverbindlich Kontakt zu uns auf und lassen Sie sich kostenfrei beraten. Vielen Dank f\u00fcr Ihr Vertrauen.","breadcrumb":{"@id":"https:\/\/concrete-dynamics.com\/kontakt\/#breadcrumb"},"inLanguage":"en-US","potentialAction":[{"@type":"ReadAction","target":["https:\/\/concrete-dynamics.com\/kontakt\/"]}]},{"@type":"ImageObject","inLanguage":"en-US","@id":"https:\/\/concrete-dynamics.com\/kontakt\/#primaryimage","url":"https:\/\/concrete-dynamics.com\/wp-content\/uploads\/2025\/06\/DSC_0150-edited-2048x1365.jpg","contentUrl":"https:\/\/concrete-dynamics.com\/wp-content\/uploads\/2025\/06\/DSC_0150-edited-2048x1365.jpg"},{"@type":"BreadcrumbList","@id":"https:\/\/concrete-dynamics.com\/kontakt\/#breadcrumb","itemListElement":[{"@type":"ListItem","position":1,"name":"Startseite","item":"https:\/\/concrete-dynamics.com\/"},{"@type":"ListItem","position":2,"name":"Kontakt"}]},{"@type":"WebSite","@id":"https:\/\/concrete-dynamics.com\/#website","url":"https:\/\/concrete-dynamics.com\/","name":"Concrete Dynamics","description":"Your software vision, our digital signature.","publisher":{"@id":"https:\/\/concrete-dynamics.com\/#organization"},"alternateName":"Concrete Dynamics UG (haftungsbeschr\u00e4nkt)","potentialAction":[{"@type":"SearchAction","target":{"@type":"EntryPoint","urlTemplate":"https:\/\/concrete-dynamics.com\/?s={search_term_string}"},"query-input":{"@type":"PropertyValueSpecification","valueRequired":true,"valueName":"search_term_string"}}],"inLanguage":"en-US"},{"@type":"Organization","@id":"https:\/\/concrete-dynamics.com\/#organization","name":"Concrete Dynamics UG (haftungsbeschr\u00e4nkt)","alternateName":"Concrete Dynamics","url":"https:\/\/concrete-dynamics.com\/","logo":{"@type":"ImageObject","inLanguage":"en-US","@id":"https:\/\/concrete-dynamics.com\/#\/schema\/logo\/image\/","url":"https:\/\/concrete-dynamics.com\/wp-content\/uploads\/2025\/02\/logo_blue_vscode_2k-2-1-png.webp","contentUrl":"https:\/\/concrete-dynamics.com\/wp-content\/uploads\/2025\/02\/logo_blue_vscode_2k-2-1-png.webp","width":1872,"height":1791,"caption":"Concrete Dynamics UG (haftungsbeschr\u00e4nkt)"},"image":{"@id":"https:\/\/concrete-dynamics.com\/#\/schema\/logo\/image\/"},"sameAs":["https:\/\/www.linkedin.com\/company\/concretedynamics"]}]}},"uagb_featured_image_src":{"full":false,"thumbnail":false,"medium":false,"medium_large":false,"large":false,"1536x1536":false,"2048x2048":false,"trp-custom-language-flag":false},"uagb_author_info":{"display_name":"David Fischer","author_link":"https:\/\/concrete-dynamics.com\/en\/author\/fischerd\/"},"uagb_comment_info":0,"uagb_excerpt":"Kontakt Nehmen Sie unverbindlich Kontakt zu uns auf und lassen Sie sich kostenfrei beraten. Email: info@concrete-dynamics.com Mobil: +49 151 68125025 Nutzen Sie gerne auch unser Kontaktformular Wir werden uns so schnell wie m\u00f6glich mit Ihnen in Kontakt setzen. Vielen Dank f\u00fcr Ihre Anfrage und Ihr Vertrauen.Ihr Concrete Dynamics Team. Noch nicht \u00fcberzeugt? Werfen Sie einen&hellip;","_links":{"self":[{"href":"https:\/\/concrete-dynamics.com\/en\/wp-json\/wp\/v2\/pages\/605","targetHints":{"allow":["GET"]}}],"collection":[{"href":"https:\/\/concrete-dynamics.com\/en\/wp-json\/wp\/v2\/pages"}],"about":[{"href":"https:\/\/concrete-dynamics.com\/en\/wp-json\/wp\/v2\/types\/page"}],"author":[{"embeddable":true,"href":"https:\/\/concrete-dynamics.com\/en\/wp-json\/wp\/v2\/users\/2"}],"replies":[{"embeddable":true,"href":"https:\/\/concrete-dynamics.com\/en\/wp-json\/wp\/v2\/comments?post=605"}],"version-history":[{"count":0,"href":"https:\/\/concrete-dynamics.com\/en\/wp-json\/wp\/v2\/pages\/605\/revisions"}],"wp:attachment":[{"href":"https:\/\/concrete-dynamics.com\/en\/wp-json\/wp\/v2\/media?parent=605"}],"curies":[{"name":"wp","href":"https:\/\/api.w.org\/{rel}","templated":true}]}}